{"id":1384,"date":"2024-08-14T19:33:31","date_gmt":"2024-08-14T19:33:31","guid":{"rendered":"https:\/\/mccberlin.org\/?page_id=1384"},"modified":"2024-12-12T23:36:06","modified_gmt":"2024-12-12T22:36:06","slug":"church-membership","status":"publish","type":"page","link":"https:\/\/mccberlin.org\/de\/church-membership\/","title":{"rendered":"Mitgliedschaft in der Kirche"},"content":{"rendered":"<div data-elementor-type=\"wp-page\" data-elementor-id=\"1384\" class=\"elementor elementor-1384\" data-elementor-post-type=\"page\">\n\t\t\t\t<div class=\"elementor-element elementor-element-30a1565 e-flex e-con-boxed e-con e-parent\" data-id=\"30a1565\" data-element_type=\"container\" data-e-type=\"container\">\n\t\t\t\t\t<div class=\"e-con-inner\">\n\t\t\t\t<div class=\"elementor-element elementor-element-1465c63 elementor-widget__width-initial elementor-button-align-stretch elementor-widget elementor-widget-form\" data-id=\"1465c63\" data-element_type=\"widget\" data-e-type=\"widget\" data-settings=\"{&quot;step_next_label&quot;:&quot;Next&quot;,&quot;step_previous_label&quot;:&quot;Previous&quot;,&quot;button_width&quot;:&quot;100&quot;,&quot;step_type&quot;:&quot;number_text&quot;,&quot;step_icon_shape&quot;:&quot;circle&quot;}\" data-widget_type=\"form.default\">\n\t\t\t\t<div class=\"elementor-widget-container\">\n\t\t\t\t\t\t\t<form class=\"elementor-form\" method=\"post\" name=\"Church Membership\u200b \" action=\"\">\n\t\t\t<input type=\"hidden\" name=\"post_id\" value=\"1384\"\/>\n\t\t\t<input type=\"hidden\" name=\"form_id\" value=\"1465c63\"\/>\n\t\t\t<input type=\"hidden\" name=\"referer_title\" value=\"Church Membership\" \/>\n\n\t\t\t\t\t\t\t<input type=\"hidden\" name=\"queried_id\" value=\"1384\"\/>\n\t\t\t\n\t\t\t<div class=\"elementor-form-fields-wrapper elementor-labels-above\">\n\t\t\t\t\t\t\t\t<div class=\"elementor-field-type-text elementor-field-group elementor-column elementor-field-group-name elementor-col-50 elementor-field-required elementor-mark-required\">\n\t\t\t\t\t\t\t\t\t\t\t\t<label for=\"form-field-name\" class=\"elementor-field-label\">\n\t\t\t\t\t\t\t\tVorname\t\t\t\t\t\t\t<\/label>\n\t\t\t\t\t\t\t\t\t\t\t\t\t\t<input size=\"1\" type=\"text\" name=\"form_fields[name]\" id=\"form-field-name\" class=\"elementor-field elementor-size-lg  elementor-field-textual\" placeholder=\"Vorname\" required=\"required\">\n\t\t\t\t\t\t\t\t\t\t\t<\/div>\n\t\t\t\t\t\t\t\t<div class=\"elementor-field-type-text elementor-field-group elementor-column elementor-field-group-field_6d9ecb3 elementor-col-50 elementor-field-required elementor-mark-required\">\n\t\t\t\t\t\t\t\t\t\t\t\t<label for=\"form-field-field_6d9ecb3\" class=\"elementor-field-label\">\n\t\t\t\t\t\t\t\tNachname\t\t\t\t\t\t\t<\/label>\n\t\t\t\t\t\t\t\t\t\t\t\t\t\t<input size=\"1\" type=\"text\" name=\"form_fields[field_6d9ecb3]\" id=\"form-field-field_6d9ecb3\" class=\"elementor-field elementor-size-lg  elementor-field-textual\" placeholder=\"Nachname\" required=\"required\">\n\t\t\t\t\t\t\t\t\t\t\t<\/div>\n\t\t\t\t\t\t\t\t<div class=\"elementor-field-type-tel elementor-field-group elementor-column elementor-field-group-field_5a4e2a6 elementor-col-50 elementor-field-required elementor-mark-required\">\n\t\t\t\t\t\t\t\t\t\t\t\t<label for=\"form-field-field_5a4e2a6\" class=\"elementor-field-label\">\n\t\t\t\t\t\t\t\tTelefonnummer\t\t\t\t\t\t\t<\/label>\n\t\t\t\t\t\t\t\t<input size=\"1\" type=\"tel\" name=\"form_fields[field_5a4e2a6]\" id=\"form-field-field_5a4e2a6\" class=\"elementor-field elementor-size-lg  elementor-field-textual\" placeholder=\"Telefonnummer\" required=\"required\" pattern=\"[0-9()#&amp;+*-=.]+\" title=\"Only numbers and phone characters (#, -, *, etc) are accepted.\">\n\n\t\t\t\t\t\t<\/div>\n\t\t\t\t\t\t\t\t<div class=\"elementor-field-type-email elementor-field-group elementor-column elementor-field-group-email elementor-col-50 elementor-field-required elementor-mark-required\">\n\t\t\t\t\t\t\t\t\t\t\t\t<label for=\"form-field-email\" class=\"elementor-field-label\">\n\t\t\t\t\t\t\t\tE-Mail\t\t\t\t\t\t\t<\/label>\n\t\t\t\t\t\t\t\t\t\t\t\t\t\t<input size=\"1\" type=\"email\" name=\"form_fields[email]\" id=\"form-field-email\" class=\"elementor-field elementor-size-lg  elementor-field-textual\" placeholder=\"E-Mail\" required=\"required\">\n\t\t\t\t\t\t\t\t\t\t\t<\/div>\n\t\t\t\t\t\t\t\t<div class=\"elementor-field-type-text elementor-field-group elementor-column elementor-field-group-field_7f159a9 elementor-col-100 elementor-field-required elementor-mark-required\">\n\t\t\t\t\t\t\t\t\t\t\t\t<label for=\"form-field-field_7f159a9\" class=\"elementor-field-label\">\n\t\t\t\t\t\t\t\tAdresse\t\t\t\t\t\t\t<\/label>\n\t\t\t\t\t\t\t\t\t\t\t\t\t\t<input size=\"1\" type=\"text\" name=\"form_fields[field_7f159a9]\" id=\"form-field-field_7f159a9\" class=\"elementor-field elementor-size-lg  elementor-field-textual\" placeholder=\"Adresse\" required=\"required\">\n\t\t\t\t\t\t\t\t\t\t\t<\/div>\n\t\t\t\t\t\t\t\t<div class=\"elementor-field-type-text elementor-field-group elementor-column elementor-field-group-field_661ee98 elementor-col-50 elementor-field-required elementor-mark-required\">\n\t\t\t\t\t\t\t\t\t\t\t\t<label for=\"form-field-field_661ee98\" class=\"elementor-field-label\">\n\t\t\t\t\t\t\t\tStadt\t\t\t\t\t\t\t<\/label>\n\t\t\t\t\t\t\t\t\t\t\t\t\t\t<input size=\"1\" type=\"text\" name=\"form_fields[field_661ee98]\" id=\"form-field-field_661ee98\" class=\"elementor-field elementor-size-lg  elementor-field-textual\" placeholder=\"Stadt\" required=\"required\">\n\t\t\t\t\t\t\t\t\t\t\t<\/div>\n\t\t\t\t\t\t\t\t<div class=\"elementor-field-type-text elementor-field-group elementor-column elementor-field-group-field_35af297 elementor-col-50 elementor-field-required elementor-mark-required\">\n\t\t\t\t\t\t\t\t\t\t\t\t<label for=\"form-field-field_35af297\" class=\"elementor-field-label\">\n\t\t\t\t\t\t\t\tPostleitzahl\t\t\t\t\t\t\t<\/label>\n\t\t\t\t\t\t\t\t\t\t\t\t\t\t<input size=\"1\" type=\"text\" name=\"form_fields[field_35af297]\" id=\"form-field-field_35af297\" class=\"elementor-field elementor-size-lg  elementor-field-textual\" placeholder=\"Postleitzahl\" required=\"required\">\n\t\t\t\t\t\t\t\t\t\t\t<\/div>\n\t\t\t\t\t\t\t\t<div class=\"elementor-field-type-select elementor-field-group elementor-column elementor-field-group-field_5533de4 elementor-col-50 elementor-field-required elementor-mark-required\">\n\t\t\t\t\t\t\t\t\t\t\t\t<label for=\"form-field-field_5533de4\" class=\"elementor-field-label\">\n\t\t\t\t\t\t\t\tGeschlecht\t\t\t\t\t\t\t<\/label>\n\t\t\t\t\t\t\t\t<div class=\"elementor-field elementor-select-wrapper remove-before\">\n\t\t\t<div class=\"select-caret-down-wrapper\">\n\t\t\t\t<i aria-hidden=\"true\" class=\"eicon-caret-down\"><\/i>\t\t\t<\/div>\n\t\t\t<select name=\"form_fields[field_5533de4]\" id=\"form-field-field_5533de4\" class=\"elementor-field-textual elementor-size-lg\" required=\"required\">\n\t\t\t\t\t\t\t\t\t<option value=\"Male\">M\u00e4nnlich<\/option>\n\t\t\t\t\t\t\t\t\t<option value=\"Female\">Weiblich<\/option>\n\t\t\t\t\t\t\t\t\t<option value=\"Other\">Andere<\/option>\n\t\t\t\t\t\t\t<\/select>\n\t\t<\/div>\n\t\t\t\t\t\t<\/div>\n\t\t\t\t\t\t\t\t<div class=\"elementor-field-type-select elementor-field-group elementor-column elementor-field-group-field_4fec529 elementor-col-50\">\n\t\t\t\t\t\t\t\t\t\t\t\t<label for=\"form-field-field_4fec529\" class=\"elementor-field-label\">\n\t\t\t\t\t\t\t\tFamilienstand\t\t\t\t\t\t\t<\/label>\n\t\t\t\t\t\t\t\t<div class=\"elementor-field elementor-select-wrapper remove-before\">\n\t\t\t<div class=\"select-caret-down-wrapper\">\n\t\t\t\t<i aria-hidden=\"true\" class=\"eicon-caret-down\"><\/i>\t\t\t<\/div>\n\t\t\t<select name=\"form_fields[field_4fec529]\" id=\"form-field-field_4fec529\" class=\"elementor-field-textual elementor-size-lg\">\n\t\t\t\t\t\t\t\t\t<option value=\"Single\">Ledig<\/option>\n\t\t\t\t\t\t\t\t\t<option value=\"Married\">Verheiratet<\/option>\n\t\t\t\t\t\t\t\t\t<option value=\"Other\">Andere<\/option>\n\t\t\t\t\t\t\t<\/select>\n\t\t<\/div>\n\t\t\t\t\t\t<\/div>\n\t\t\t\t\t\t\t\t<div class=\"elementor-field-type-date elementor-field-group elementor-column elementor-field-group-field_cdcac6a elementor-col-50\">\n\t\t\t\t\t\t\t\t\t\t\t\t<label for=\"form-field-field_cdcac6a\" class=\"elementor-field-label\">\n\t\t\t\t\t\t\t\tGeburtsdatum\t\t\t\t\t\t\t<\/label>\n\t\t\t\t\t\t\n\t\t<input type=\"date\" name=\"form_fields[field_cdcac6a]\" id=\"form-field-field_cdcac6a\" class=\"elementor-field elementor-size-lg  elementor-field-textual elementor-date-field elementor-use-native\" pattern=\"[0-9]{4}-[0-9]{2}-[0-9]{2}\">\n\t\t\t\t\t\t<\/div>\n\t\t\t\t\t\t\t\t<div class=\"elementor-field-type-select elementor-field-group elementor-column elementor-field-group-field_5e01726 elementor-col-50\">\n\t\t\t\t\t\t\t\t\t\t\t\t<label for=\"form-field-field_5e01726\" class=\"elementor-field-label\">\n\t\t\t\t\t\t\t\tLanguage\t\t\t\t\t\t\t<\/label>\n\t\t\t\t\t\t\t\t<div class=\"elementor-field elementor-select-wrapper remove-before\">\n\t\t\t<div class=\"select-caret-down-wrapper\">\n\t\t\t\t<i aria-hidden=\"true\" class=\"eicon-caret-down\"><\/i>\t\t\t<\/div>\n\t\t\t<select name=\"form_fields[field_5e01726]\" id=\"form-field-field_5e01726\" class=\"elementor-field-textual elementor-size-lg\">\n\t\t\t\t\t\t\t\t\t<option value=\"Deutsch\">Deutsch<\/option>\n\t\t\t\t\t\t\t\t\t<option value=\"English\">English<\/option>\n\t\t\t\t\t\t\t\t\t<option value=\"Other\">Andere<\/option>\n\t\t\t\t\t\t\t<\/select>\n\t\t<\/div>\n\t\t\t\t\t\t<\/div>\n\t\t\t\t\t\t\t\t<div class=\"elementor-field-type-checkbox elementor-field-group elementor-column elementor-field-group-field_8007c6d elementor-col-100\">\n\t\t\t\t\t\t\t\t\t\t\t\t<label for=\"form-field-field_8007c6d\" class=\"elementor-field-label\">\n\t\t\t\t\t\t\t\tWerden Sie Teil des Teams (Wenn Sie im Team mitarbeiten m\u00f6chten, kreuzen Sie bitte die Bereiche an, f\u00fcr die Sie sich interessieren):\t\t\t\t\t\t\t<\/label>\n\t\t\t\t\t\t<div class=\"elementor-field-subgroup  elementor-subgroup-inline\"><span class=\"elementor-field-option\"><input type=\"checkbox\" value=\"Evangelism\" id=\"form-field-field_8007c6d-0\" name=\"form_fields[field_8007c6d][]\"> <label for=\"form-field-field_8007c6d-0\">Evangelisation<\/label><\/span><span class=\"elementor-field-option\"><input type=\"checkbox\" value=\"Men\/Women fellowship\" id=\"form-field-field_8007c6d-1\" name=\"form_fields[field_8007c6d][]\"> <label for=\"form-field-field_8007c6d-1\">Gemeinschaft M\u00e4nner\/Frauen<\/label><\/span><span class=\"elementor-field-option\"><input type=\"checkbox\" value=\"Home cells\/small groups\" id=\"form-field-field_8007c6d-2\" name=\"form_fields[field_8007c6d][]\"> <label for=\"form-field-field_8007c6d-2\">Hauskreise\/kleine Gruppen<\/label><\/span><span class=\"elementor-field-option\"><input type=\"checkbox\" value=\"Caring Children\" id=\"form-field-field_8007c6d-3\" name=\"form_fields[field_8007c6d][]\"> <label for=\"form-field-field_8007c6d-3\">Kinderbetreuung<\/label><\/span><span class=\"elementor-field-option\"><input type=\"checkbox\" value=\"Prayer Team\" id=\"form-field-field_8007c6d-4\" name=\"form_fields[field_8007c6d][]\"> <label for=\"form-field-field_8007c6d-4\">Gebetsteam<\/label><\/span><span class=\"elementor-field-option\"><input type=\"checkbox\" value=\"Parking\" id=\"form-field-field_8007c6d-5\" name=\"form_fields[field_8007c6d][]\"> <label for=\"form-field-field_8007c6d-5\">Einweiser<\/label><\/span><span class=\"elementor-field-option\"><input type=\"checkbox\" value=\"Worship Team\" id=\"form-field-field_8007c6d-6\" name=\"form_fields[field_8007c6d][]\"> <label for=\"form-field-field_8007c6d-6\">Lobpreis-Team<\/label><\/span><span class=\"elementor-field-option\"><input type=\"checkbox\" value=\"Media &amp; Production\" id=\"form-field-field_8007c6d-7\" name=\"form_fields[field_8007c6d][]\"> <label for=\"form-field-field_8007c6d-7\">Medien &amp; Produktion<\/label><\/span><span class=\"elementor-field-option\"><input type=\"checkbox\" value=\"Usher\" id=\"form-field-field_8007c6d-8\" name=\"form_fields[field_8007c6d][]\"> <label for=\"form-field-field_8007c6d-8\">Ordner<\/label><\/span><span class=\"elementor-field-option\"><input type=\"checkbox\" value=\"Other\" id=\"form-field-field_8007c6d-9\" name=\"form_fields[field_8007c6d][]\"> <label for=\"form-field-field_8007c6d-9\">Andere<\/label><\/span><\/div>\t\t\t\t<\/div>\n\t\t\t\t\t\t\t\t<div class=\"elementor-field-type-checkbox elementor-field-group elementor-column elementor-field-group-field_9f9b899 elementor-col-100\">\n\t\t\t\t\t\t\t\t\t\t\t\t<label for=\"form-field-field_9f9b899\" class=\"elementor-field-label\">\n\t\t\t\t\t\t\t\tH\u00e4ufigkeit (Wie h\u00e4ufig k\u00f6nnen Sie sich an den oben genannten Aktivit\u00e4ten beteiligen?)\t\t\t\t\t\t\t<\/label>\n\t\t\t\t\t\t<div class=\"elementor-field-subgroup  elementor-subgroup-inline\"><span class=\"elementor-field-option\"><input type=\"checkbox\" value=\"Regularly\" id=\"form-field-field_9f9b899-0\" name=\"form_fields[field_9f9b899][]\"> <label for=\"form-field-field_9f9b899-0\">Regelm\u00e4\u00dfig<\/label><\/span><span class=\"elementor-field-option\"><input type=\"checkbox\" value=\"Occasionally\" id=\"form-field-field_9f9b899-1\" name=\"form_fields[field_9f9b899][]\"> <label for=\"form-field-field_9f9b899-1\">Gelegentlich<\/label><\/span><\/div>\t\t\t\t<\/div>\n\t\t\t\t\t\t\t\t<div class=\"elementor-field-type-text elementor-field-group elementor-column elementor-field-group-field_c0f7ff4 elementor-col-50\">\n\t\t\t\t\t\t\t\t\t\t\t\t<label for=\"form-field-field_c0f7ff4\" class=\"elementor-field-label\">\n\t\t\t\t\t\t\t\tVorherige Kirche\t\t\t\t\t\t\t<\/label>\n\t\t\t\t\t\t\t\t\t\t\t\t\t\t<input size=\"1\" type=\"text\" name=\"form_fields[field_c0f7ff4]\" id=\"form-field-field_c0f7ff4\" class=\"elementor-field elementor-size-lg  elementor-field-textual\" placeholder=\"Vorherige Kirche\">\n\t\t\t\t\t\t\t\t\t\t\t<\/div>\n\t\t\t\t\t\t\t\t<div class=\"elementor-field-type-text elementor-field-group elementor-column elementor-field-group-field_8926f53 elementor-col-50\">\n\t\t\t\t\t\t\t\t\t\t\t\t<label for=\"form-field-field_8926f53\" class=\"elementor-field-label\">\n\t\t\t\t\t\t\t\tAdresse der vorherigen Kirche\t\t\t\t\t\t\t<\/label>\n\t\t\t\t\t\t\t\t\t\t\t\t\t\t<input size=\"1\" type=\"text\" name=\"form_fields[field_8926f53]\" id=\"form-field-field_8926f53\" class=\"elementor-field elementor-size-lg  elementor-field-textual\" placeholder=\"Adresse der vorherigen Kirche\">\n\t\t\t\t\t\t\t\t\t\t\t<\/div>\n\t\t\t\t\t\t\t\t<div class=\"elementor-field-type-recaptcha_v3 elementor-field-group elementor-column elementor-field-group-field_f937a43 elementor-col-100 recaptcha_v3-bottomright\">\n\t\t\t\t\t<div class=\"elementor-field\" id=\"form-field-field_f937a43\"><div class=\"elementor-g-recaptcha\" data-sitekey=\"6Ld06iMqAAAAAEl_R3yW0-JYOugOkgPC1sedpp1_\" data-type=\"v3\" data-action=\"Form\" data-badge=\"bottomright\" data-size=\"invisible\"><\/div><\/div>\t\t\t\t<\/div>\n\t\t\t\t\t\t\t\t<div class=\"elementor-field-group elementor-column elementor-field-type-submit elementor-col-100 e-form__buttons\">\n\t\t\t\t\t<button class=\"elementor-button elementor-size-lg\" type=\"submit\">\n\t\t\t\t\t\t<span class=\"elementor-button-content-wrapper\">\n\t\t\t\t\t\t\t\t\t\t\t\t\t\t\t<span class=\"elementor-button-icon\">\n\t\t\t\t\t\t\t\t\t<i aria-hidden=\"true\" class=\"fas fa-paper-plane\"><\/i>\t\t\t\t\t\t\t\t\t\t\t\t\t\t\t\t\t<\/span>\n\t\t\t\t\t\t\t\t\t\t\t\t\t\t\t\t\t\t\t\t\t\t<span class=\"elementor-button-text\">Submit<\/span>\n\t\t\t\t\t\t\t\t\t\t\t\t\t<\/span>\n\t\t\t\t\t<\/button>\n\t\t\t\t<\/div>\n\t\t\t<\/div>\n\t\t<input type=\"hidden\" name=\"trp-form-language\" value=\"de\"\/><\/form>\n\t\t\t\t\t\t<\/div>\n\t\t\t\t<\/div>\n\t\t\t\t\t<\/div>\n\t\t\t\t<\/div>\n\t\t\t\t<\/div>","protected":false},"excerpt":{"rendered":"","protected":false},"author":1,"featured_media":0,"parent":0,"menu_order":0,"comment_status":"closed","ping_status":"closed","template":"","meta":{"footnotes":""},"class_list":["post-1384","page","type-page","status-publish","hentry"],"_links":{"self":[{"href":"https:\/\/mccberlin.org\/de\/wp-json\/wp\/v2\/pages\/1384","targetHints":{"allow":["GET"]}}],"collection":[{"href":"https:\/\/mccberlin.org\/de\/wp-json\/wp\/v2\/pages"}],"about":[{"href":"https:\/\/mccberlin.org\/de\/wp-json\/wp\/v2\/types\/page"}],"author":[{"embeddable":true,"href":"https:\/\/mccberlin.org\/de\/wp-json\/wp\/v2\/users\/1"}],"replies":[{"embeddable":true,"href":"https:\/\/mccberlin.org\/de\/wp-json\/wp\/v2\/comments?post=1384"}],"version-history":[{"count":55,"href":"https:\/\/mccberlin.org\/de\/wp-json\/wp\/v2\/pages\/1384\/revisions"}],"predecessor-version":[{"id":1980,"href":"https:\/\/mccberlin.org\/de\/wp-json\/wp\/v2\/pages\/1384\/revisions\/1980"}],"wp:attachment":[{"href":"https:\/\/mccberlin.org\/de\/wp-json\/wp\/v2\/media?parent=1384"}],"curies":[{"name":"wp","href":"https:\/\/api.w.org\/{rel}","templated":true}]}}