{"id":894,"date":"2024-08-08T13:36:29","date_gmt":"2024-08-08T13:36:29","guid":{"rendered":"https:\/\/mccberlin.org\/?page_id=894"},"modified":"2025-08-22T15:12:14","modified_gmt":"2025-08-22T13:12:14","slug":"give","status":"publish","type":"page","link":"https:\/\/mccberlin.org\/de\/give\/","title":{"rendered":"Spende"},"content":{"rendered":"<div data-elementor-type=\"wp-page\" data-elementor-id=\"894\" class=\"elementor elementor-894\" data-elementor-post-type=\"page\">\n\t\t\t\t<div class=\"elementor-element elementor-element-c0a5ac5 e-grid e-con-boxed e-con e-parent\" data-id=\"c0a5ac5\" data-element_type=\"container\" data-e-type=\"container\">\n\t\t\t\t\t<div class=\"e-con-inner\">\n\t\t<div class=\"elementor-element elementor-element-122cece e-con-full e-flex e-con e-child\" data-id=\"122cece\" data-element_type=\"container\" data-e-type=\"container\">\n\t\t<div class=\"elementor-element elementor-element-3a09896e e-con-full e-flex e-con e-child\" data-id=\"3a09896e\" data-element_type=\"container\" data-e-type=\"container\">\n\t\t\t\t<div class=\"elementor-element elementor-element-705396a1 elementor-widget__width-initial elementor-blockquote--skin-border elementor-blockquote--button-color-official elementor-widget elementor-widget-blockquote\" data-id=\"705396a1\" data-element_type=\"widget\" data-e-type=\"widget\" data-widget_type=\"blockquote.default\">\n\t\t\t\t<div class=\"elementor-widget-container\">\n\t\t\t\t\t\t\t<blockquote class=\"elementor-blockquote\">\n\t\t\t<p class=\"elementor-blockquote__content\">\n\t\t\t\t\"Gebt, was ihr habt, dann werdet ihr so \u00fcberreich beschenkt werden, dass ihr gar nicht alles aufnehmen k\u00f6nnt. Mit dem Ma\u00dfstab, den ihr an andere anlegt, wird man auch euch messen.\" - Lukas 6:38\t\t\t<\/p>\n\t\t\t\t\t<\/blockquote>\n\t\t\t\t\t\t<\/div>\n\t\t\t\t<\/div>\n\t\t\t\t<\/div>\n\t\t\t\t<\/div>\n\t\t<div class=\"elementor-element elementor-element-709690c e-con-full e-flex e-con e-child\" data-id=\"709690c\" data-element_type=\"container\" data-e-type=\"container\">\n\t\t\t\t<div class=\"elementor-element elementor-element-b2d68f9 elementor-widget elementor-widget-image\" data-id=\"b2d68f9\" data-element_type=\"widget\" data-e-type=\"widget\" data-widget_type=\"image.default\">\n\t\t\t\t<div class=\"elementor-widget-container\">\n\t\t\t\t\t\t\t\t\t\t\t\t\t\t\t<img loading=\"lazy\" decoding=\"async\" width=\"272\" height=\"300\" src=\"https:\/\/mccberlin.org\/wp-content\/uploads\/2025\/08\/IMG-20250822-WA0002-272x300.jpg\" class=\"attachment-medium size-medium wp-image-2523\" alt=\"\" srcset=\"https:\/\/mccberlin.org\/wp-content\/uploads\/2025\/08\/IMG-20250822-WA0002-272x300.jpg 272w, https:\/\/mccberlin.org\/wp-content\/uploads\/2025\/08\/IMG-20250822-WA0002-11x12.jpg 11w, https:\/\/mccberlin.org\/wp-content\/uploads\/2025\/08\/IMG-20250822-WA0002.jpg 744w\" sizes=\"auto, (max-width: 272px) 100vw, 272px\" \/>\t\t\t\t\t\t\t\t\t\t\t\t\t\t\t<\/div>\n\t\t\t\t<\/div>\n\t\t\t\t<\/div>\n\t\t<div class=\"elementor-element elementor-element-d865155 e-con-full e-flex e-con e-child\" data-id=\"d865155\" data-element_type=\"container\" data-e-type=\"container\">\n\t\t<div class=\"elementor-element elementor-element-28953598 e-con-full e-flex e-con e-child\" data-id=\"28953598\" data-element_type=\"container\" data-e-type=\"container\" data-settings=\"{&quot;background_background&quot;:&quot;classic&quot;}\">\n\t\t\t\t<div class=\"elementor-element elementor-element-137df9c0 elementor-widget elementor-widget-heading\" data-id=\"137df9c0\" data-element_type=\"widget\" data-e-type=\"widget\" data-widget_type=\"heading.default\">\n\t\t\t\t<div class=\"elementor-widget-container\">\n\t\t\t\t\t<h2 class=\"elementor-heading-title elementor-size-default\">Bankdaten<\/h2>\t\t\t\t<\/div>\n\t\t\t\t<\/div>\n\t\t\t\t<div class=\"elementor-element elementor-element-09a4efe elementor-widget elementor-widget-text-editor\" data-id=\"09a4efe\" data-element_type=\"widget\" data-e-type=\"widget\" data-widget_type=\"text-editor.default\">\n\t\t\t\t<div class=\"elementor-widget-container\">\n\t\t\t\t\t\t\t\t\t<p>Name der Bank: BERLINER SPARKASSE <br \/>Name des Kontos: Miracle Center Church Berlin e. V<br \/>IBAN: DE45 1005 0000 0191 2073 90<br \/>BIC\/SWIFT: BELADEBEXXX<\/p>\t\t\t\t\t\t\t\t<\/div>\n\t\t\t\t<\/div>\n\t\t\t\t<\/div>\n\t\t\t\t<\/div>\n\t\t<div class=\"elementor-element elementor-element-8c0af6b e-con-full e-flex e-con e-child\" data-id=\"8c0af6b\" data-element_type=\"container\" data-e-type=\"container\">\n\t\t<div class=\"elementor-element elementor-element-508458d e-con-full e-flex e-con e-child\" data-id=\"508458d\" data-element_type=\"container\" data-e-type=\"container\" data-settings=\"{&quot;background_background&quot;:&quot;classic&quot;}\">\n\t\t\t\t<div class=\"elementor-element elementor-element-d7a3b31 elementor-widget elementor-widget-heading\" data-id=\"d7a3b31\" data-element_type=\"widget\" data-e-type=\"widget\" data-widget_type=\"heading.default\">\n\t\t\t\t<div class=\"elementor-widget-container\">\n\t\t\t\t\t<h2 class=\"elementor-heading-title elementor-size-default\">Paypal<\/h2>\t\t\t\t<\/div>\n\t\t\t\t<\/div>\n\t\t\t\t<div class=\"elementor-element elementor-element-eab2c49 elementor-widget elementor-widget-button\" data-id=\"eab2c49\" data-element_type=\"widget\" data-e-type=\"widget\" data-widget_type=\"button.default\">\n\t\t\t\t<div class=\"elementor-widget-container\">\n\t\t\t\t\t\t\t\t\t<div class=\"elementor-button-wrapper\">\n\t\t\t\t\t<a class=\"elementor-button elementor-button-link elementor-size-sm\" href=\"https:\/\/www.paypal.com\/donate\/?hosted_button_id=YZNMMB5ZR7HES\" target=\"_blank\">\n\t\t\t\t\t\t<span class=\"elementor-button-content-wrapper\">\n\t\t\t\t\t\t<span class=\"elementor-button-icon\">\n\t\t\t\t<i aria-hidden=\"true\" class=\"fas fa-arrow-right\"><\/i>\t\t\t<\/span>\n\t\t\t\t\t\t\t\t\t<span class=\"elementor-button-text\">Bringen Sie mich zu Paypal<\/span>\n\t\t\t\t\t<\/span>\n\t\t\t\t\t<\/a>\n\t\t\t\t<\/div>\n\t\t\t\t\t\t\t\t<\/div>\n\t\t\t\t<\/div>\n\t\t\t\t<\/div>\n\t\t\t\t<\/div>\n\t\t\t\t\t<\/div>\n\t\t\t\t<\/div>\n\t\t\t\t<\/div>","protected":false},"excerpt":{"rendered":"<p>&#8220;Give, and it will be given to you. A good measure, pressed down, shaken together, and running over, will be poured into your lap. For with the measure you use, it will be measured to you.&#8221; \u2014 Luke 6:38 (NIV) Bank details Bank Name: BERLINER SPARKASSE Account Name: Miracle Center Church Berlin e. VIBAN: DE45 [&hellip;]<\/p>","protected":false},"author":1,"featured_media":0,"parent":0,"menu_order":0,"comment_status":"closed","ping_status":"closed","template":"","meta":{"footnotes":""},"class_list":["post-894","page","type-page","status-publish","hentry"],"_links":{"self":[{"href":"https:\/\/mccberlin.org\/de\/wp-json\/wp\/v2\/pages\/894","targetHints":{"allow":["GET"]}}],"collection":[{"href":"https:\/\/mccberlin.org\/de\/wp-json\/wp\/v2\/pages"}],"about":[{"href":"https:\/\/mccberlin.org\/de\/wp-json\/wp\/v2\/types\/page"}],"author":[{"embeddable":true,"href":"https:\/\/mccberlin.org\/de\/wp-json\/wp\/v2\/users\/1"}],"replies":[{"embeddable":true,"href":"https:\/\/mccberlin.org\/de\/wp-json\/wp\/v2\/comments?post=894"}],"version-history":[{"count":35,"href":"https:\/\/mccberlin.org\/de\/wp-json\/wp\/v2\/pages\/894\/revisions"}],"predecessor-version":[{"id":2528,"href":"https:\/\/mccberlin.org\/de\/wp-json\/wp\/v2\/pages\/894\/revisions\/2528"}],"wp:attachment":[{"href":"https:\/\/mccberlin.org\/de\/wp-json\/wp\/v2\/media?parent=894"}],"curies":[{"name":"wp","href":"https:\/\/api.w.org\/{rel}","templated":true}]}}